{"id":10,"date":"2025-08-26T12:02:28","date_gmt":"2025-08-26T12:02:28","guid":{"rendered":"https:\/\/kehitys.saariselanpanimo.com\/index.php\/home\/"},"modified":"2026-04-10T05:15:23","modified_gmt":"2026-04-10T05:15:23","slug":"home","status":"publish","type":"page","link":"https:\/\/www.saariselanpanimo.com\/fi\/","title":{"rendered":"ETUSIVU"},"content":{"rendered":"<div class=\"wp-block-uagb-container uagb-layout-grid uagb-block-5eb30625 alignfull uagb-is-root-container\"><div class=\"uagb-container-inner-blocks-wrap\">\n<div class=\"wp-block-uagb-advanced-heading uagb-block-c2b1a2e1\"><h1 class=\"uagb-heading-text\">TERVETULOA PANIMOLLE<\/h1><p class=\"uagb-desc-text\">Olohuoneesi Saarisel\u00e4ll\u00e4<\/p><\/div>\n\n\n\t\t\t\t\t<div\n\t\t\t\t\t\tclass=\"wp-block-uagb-image-gallery uagb-block-70b52404\"\n\t\t\t\t\t\tstyle=\"\"\n\t\t\t\t\t>\n\t\t\t\t\t\t\t\t\t\t\t<div class=\"spectra-image-gallery spectra-image-gallery__layout--tiled spectra-image-gallery__layout--tiled-col-2 spectra-image-gallery__layout--tiled-col-tab-3 spectra-image-gallery__layout--tiled-col-mob-2\">\n\t\t\t\t\t\t\t\t\t\t\t<div class='spectra-image-gallery__media-wrapper' data-spectra-gallery-image-id='1197' tabindex=\"0\">\n\t\t\t\t\t\t\t<div class=\"spectra-image-gallery__media spectra-image-gallery__media--tiled\">\n\t\t\t\t<picture>\n\t\t\t\t\t<source media=\"(min-width: 1024px)\" srcset=\"https:\/\/www.saariselanpanimo.com\/wp-content\/uploads\/2025\/09\/panimo-website-edit-11-768x1024.jpg\">\n\t\t\t\t\t<source media=\"(min-width: 768px)\" srcset=\"https:\/\/www.saariselanpanimo.com\/wp-content\/uploads\/2025\/09\/panimo-website-edit-11-768x1024.jpg\">\n\t\t\t\t\t<img decoding=\"async\" class=\"spectra-image-gallery__media-thumbnail spectra-image-gallery__media-thumbnail--tiled\" src=\"https:\/\/www.saariselanpanimo.com\/wp-content\/uploads\/2025\/09\/panimo-website-edit-11-768x1024.jpg\" alt=\"panimo website edit 11\" loading=\"lazy\" title=\"ETUSIVU\">\n\t\t\t\t<\/picture>\n\t\t\t\t<div class=\"spectra-image-gallery__media-thumbnail-blurrer\"><\/div>\n\t\t\t\t\t\t\t\t\t\t\t<div class=\"spectra-image-gallery__media-thumbnail-caption-wrapper spectra-image-gallery__media-thumbnail-caption-wrapper--overlay\"><\/div>\n\t\t\t\t\t\t\t\t<\/div>\n\t\t\t\t\t\t<\/div>\n\t\t\t\t\t\t<div class='spectra-image-gallery__media-wrapper' data-spectra-gallery-image-id='1290' tabindex=\"0\">\n\t\t\t\t\t\t\t<div class=\"spectra-image-gallery__media spectra-image-gallery__media--tiled\">\n\t\t\t\t<picture>\n\t\t\t\t\t<source media=\"(min-width: 1024px)\" srcset=\"https:\/\/www.saariselanpanimo.com\/wp-content\/uploads\/2025\/09\/PANIMO-FEELINGS-5-1024x751.jpg\">\n\t\t\t\t\t<source media=\"(min-width: 768px)\" srcset=\"https:\/\/www.saariselanpanimo.com\/wp-content\/uploads\/2025\/09\/PANIMO-FEELINGS-5-1024x751.jpg\">\n\t\t\t\t\t<img decoding=\"async\" class=\"spectra-image-gallery__media-thumbnail spectra-image-gallery__media-thumbnail--tiled\" src=\"https:\/\/www.saariselanpanimo.com\/wp-content\/uploads\/2025\/09\/PANIMO-FEELINGS-5-1024x751.jpg\" alt=\"panimo feelings 5\" loading=\"lazy\" title=\"ETUSIVU\">\n\t\t\t\t<\/picture>\n\t\t\t\t<div class=\"spectra-image-gallery__media-thumbnail-blurrer\"><\/div>\n\t\t\t\t\t\t\t\t\t\t\t<div class=\"spectra-image-gallery__media-thumbnail-caption-wrapper spectra-image-gallery__media-thumbnail-caption-wrapper--overlay\"><\/div>\n\t\t\t\t\t\t\t\t<\/div>\n\t\t\t\t\t\t<\/div>\n\t\t\t\t\t\t<div class='spectra-image-gallery__media-wrapper' data-spectra-gallery-image-id='1245' tabindex=\"0\">\n\t\t\t\t\t\t\t<div class=\"spectra-image-gallery__media spectra-image-gallery__media--tiled\">\n\t\t\t\t<picture>\n\t\t\t\t\t<source media=\"(min-width: 1024px)\" srcset=\"https:\/\/www.saariselanpanimo.com\/wp-content\/uploads\/2025\/09\/PANIMO-FEELINGS-2-819x1024.jpg\">\n\t\t\t\t\t<source media=\"(min-width: 768px)\" srcset=\"https:\/\/www.saariselanpanimo.com\/wp-content\/uploads\/2025\/09\/PANIMO-FEELINGS-2-819x1024.jpg\">\n\t\t\t\t\t<img decoding=\"async\" class=\"spectra-image-gallery__media-thumbnail spectra-image-gallery__media-thumbnail--tiled\" src=\"https:\/\/www.saariselanpanimo.com\/wp-content\/uploads\/2025\/09\/PANIMO-FEELINGS-2-819x1024.jpg\" alt=\"panimo feelings 2\" loading=\"lazy\" title=\"ETUSIVU\">\n\t\t\t\t<\/picture>\n\t\t\t\t<div class=\"spectra-image-gallery__media-thumbnail-blurrer\"><\/div>\n\t\t\t\t\t\t\t\t\t\t\t<div class=\"spectra-image-gallery__media-thumbnail-caption-wrapper spectra-image-gallery__media-thumbnail-caption-wrapper--overlay\"><\/div>\n\t\t\t\t\t\t\t\t<\/div>\n\t\t\t\t\t\t<\/div>\n\t\t\t\t\t\t<div class='spectra-image-gallery__media-wrapper' data-spectra-gallery-image-id='1189' tabindex=\"0\">\n\t\t\t\t\t\t\t<div class=\"spectra-image-gallery__media spectra-image-gallery__media--tiled\">\n\t\t\t\t<picture>\n\t\t\t\t\t<source media=\"(min-width: 1024px)\" srcset=\"https:\/\/www.saariselanpanimo.com\/wp-content\/uploads\/2025\/09\/panimo-website-edit-03-864x1024.jpg\">\n\t\t\t\t\t<source media=\"(min-width: 768px)\" srcset=\"https:\/\/www.saariselanpanimo.com\/wp-content\/uploads\/2025\/09\/panimo-website-edit-03-864x1024.jpg\">\n\t\t\t\t\t<img decoding=\"async\" class=\"spectra-image-gallery__media-thumbnail spectra-image-gallery__media-thumbnail--tiled\" src=\"https:\/\/www.saariselanpanimo.com\/wp-content\/uploads\/2025\/09\/panimo-website-edit-03-864x1024.jpg\" alt=\"panimo website edit 03\" loading=\"lazy\" title=\"ETUSIVU\">\n\t\t\t\t<\/picture>\n\t\t\t\t<div class=\"spectra-image-gallery__media-thumbnail-blurrer\"><\/div>\n\t\t\t\t\t\t\t\t\t\t\t<div class=\"spectra-image-gallery__media-thumbnail-caption-wrapper spectra-image-gallery__media-thumbnail-caption-wrapper--overlay\"><\/div>\n\t\t\t\t\t\t\t\t<\/div>\n\t\t\t\t\t\t<\/div>\n\t\t\t\t\t\t\t\t\t\t\t<div class=\"spectra-image-gallery__media-sizer\"><\/div>\n\t\t\t\t\t\t\t<\/div>\n\t\t\t\t\t\t\t\t\t\t\t<\/div>\n\t\t\t\t\t\t\t\t\t\n\n\n<div class=\"wp-block-uagb-image uagb-block-864980a6 wp-block-uagb-image--layout-default wp-block-uagb-image--effect-static wp-block-uagb-image--align-none\"><figure class=\"wp-block-uagb-image__figure\"><img decoding=\"async\" srcset=\"https:\/\/www.saariselanpanimo.com\/wp-content\/uploads\/2025\/11\/Local-Pub-Panimo-Saariselka-Northern-Lights-1024x683.jpg ,https:\/\/www.saariselanpanimo.com\/wp-content\/uploads\/2025\/11\/Local-Pub-Panimo-Saariselka-Northern-Lights-scaled.jpg 780w, https:\/\/www.saariselanpanimo.com\/wp-content\/uploads\/2025\/11\/Local-Pub-Panimo-Saariselka-Northern-Lights-scaled.jpg 360w\" sizes=\"auto, (max-width: 480px) 150px\" src=\"https:\/\/www.saariselanpanimo.com\/wp-content\/uploads\/2025\/11\/Local-Pub-Panimo-Saariselka-Northern-Lights-1024x683.jpg\" alt=\"local pub panimo saariselk\u00e4 northern lights\" class=\"uag-image-1383\" width=\"1024\" height=\"683\" title=\"local pub panimo saariselk\u00e4 northern lights\" loading=\"lazy\" role=\"img\"\/><\/figure><\/div>\n\n\n\n<hr class=\"wp-block-separator has-alpha-channel-opacity\"\/>\n\n\n\n<div class=\"wp-block-uagb-info-box uagb-block-3b53ecfe uagb-infobox__content-wrap  uagb-infobox-icon-above-title uagb-infobox-image-valign-top wp-block-uagb-info-box--has-margin\"><div class=\"uagb-infobox-margin-wrapper\"><div class=\"uagb-ifb-content\"><div class=\"uagb-ifb-title-wrap\"><h2 class=\"uagb-ifb-title\">Astu sis\u00e4\u00e4n Saarisel\u00e4n omaan paikallispubiin<\/h2><\/div><p class=\"uagb-ifb-desc\">Local Pub Panimo Saariselk\u00e4 on avoinna joka p\u00e4iv\u00e4.<br>Tarjolla on kotimaisia ja kansainv\u00e4lisi\u00e4 juomia moneen makuun. Pub Menulta nautit murua rinnan alle.<br>&nbsp;<br>Tulepa juomalle josko toisellekin mukavaan pubitunnelmaan.<\/p><\/div><\/div><\/div>\n\n\n\n<p class=\"has-text-align-center has-ast-global-color-1-color has-text-color has-link-color wp-elements-a9af6d241433958b2a8ffe22d8ea9472\" style=\"border-style:none;border-width:0px;font-size:16px\">Sunnuntai - Torstai 12:00 - 02:00<br>Perjantai &amp; Lauantai 12:00 - 03:00<br>Keitti\u00f6 14:00 - 20:30 <\/p>\n\n\n\n<p class=\"has-text-align-center has-ast-global-color-1-color has-text-color has-link-color wp-elements-128c1196c9629643551d77b753885f44\" style=\"border-style:none;border-width:0px;font-size:16px\">Suljettuna 1.5.-16.6.2026.<\/p>\n\n\n\n<div class=\"wp-block-uagb-buttons uagb-buttons__outer-wrap uagb-btn__medium-btn uagb-btn-tablet__default-btn uagb-btn-mobile__default-btn uagb-block-a4597412\"><div class=\"uagb-buttons__wrap uagb-buttons-layout-wrap\">\n<div class=\"wp-block-uagb-buttons-child uagb-buttons__outer-wrap uagb-block-9034f0a0 wp-block-button\"><div class=\"uagb-button__wrapper\"><a class=\"uagb-buttons-repeater wp-block-button__link\" aria-label=\"\" href=\"https:\/\/www.saariselanpanimo.com\/fi\/menu\/\" rel=\"follow noopener\" target=\"_self\" role=\"button\"><div class=\"uagb-button__link\">PUBIMENU<\/div><\/a><\/div><\/div>\n<\/div><\/div>\n\n\n\n<hr class=\"wp-block-separator has-alpha-channel-opacity\"\/>\n\n\n\n<figure class=\"wp-block-video\"><video height=\"1920\" style=\"aspect-ratio: 1080 \/ 1920;\" width=\"1080\" autoplay loop muted preload=\"auto\" src=\"https:\/\/www.saariselanpanimo.com\/wp-content\/uploads\/2025\/10\/ready-to-use-PANIMO.mov\" playsinline><\/video><\/figure>\n\n\n\n<hr class=\"wp-block-separator has-alpha-channel-opacity\"\/>\n\n\n\n<h1 class=\"wp-block-heading has-text-align-center\" style=\"font-size:38px\">TAPAHTUMAT<\/h1>\n\n\n\n<div class=\"wp-block-uagb-info-box uagb-block-cee87500 uagb-infobox__content-wrap  uagb-infobox-icon-above-title uagb-infobox-image-valign-top\"><div class=\"uagb-ifb-content\"><div class=\"uagb-ifb-title-wrap\"><h2 class=\"uagb-ifb-title\">Bingo &amp; pubivisa, karaoke, live-musiikkia ja muuta\u2026<\/h2><\/div><p class=\"uagb-ifb-desc\">Tutustu tuleviin tapahtumiimme some-kanavillamme<\/p><\/div><\/div>\n\n\n\n<div class=\"wp-block-buttons alignwide is-horizontal is-content-justification-center is-nowrap is-layout-flex wp-container-core-buttons-is-layout-3b5c9a71 wp-block-buttons-is-layout-flex\">\n<div class=\"wp-block-button is-style-outline is-style-outline--1\"><a class=\"wp-block-button__link has-small-font-size has-text-align-center has-custom-font-size wp-element-button\" href=\"https:\/\/www.facebook.com\/saariselanpanimo\/\">facebook<\/a><\/div>\n\n\n\n<div class=\"wp-block-button is-style-outline is-style-outline--2\"><a class=\"wp-block-button__link has-small-font-size has-custom-font-size wp-element-button\" href=\"https:\/\/www.instagram.com\/saariselanpanimo\/\">instagram<\/a><\/div>\n<\/div>\n\n\n\n<div class=\"wp-block-uagb-separator uagb-block-99a8f003\"><div class=\"uagb-separator-spacing-wrapper\"><div class=\"wp-block-uagb-separator__inner\" style=\"--my-background-image:\"><\/div><\/div><\/div>\n\n\n\n<figure class=\"wp-block-gallery has-nested-images columns-3 is-cropped wp-block-gallery-3 is-layout-flex wp-block-gallery-is-layout-flex\">\n<figure class=\"wp-block-image size-large\"><img loading=\"lazy\" decoding=\"async\" width=\"768\" height=\"1024\" data-id=\"1190\" src=\"https:\/\/www.saariselanpanimo.com\/wp-content\/uploads\/2025\/09\/panimo-website-edit-04-768x1024.jpg\" alt=\"panimo website edit 04\" class=\"wp-image-1190\" title=\"ETUSIVU\" srcset=\"https:\/\/www.saariselanpanimo.com\/wp-content\/uploads\/2025\/09\/panimo-website-edit-04-768x1024.jpg 768w, https:\/\/www.saariselanpanimo.com\/wp-content\/uploads\/2025\/09\/panimo-website-edit-04-225x300.jpg 225w, https:\/\/www.saariselanpanimo.com\/wp-content\/uploads\/2025\/09\/panimo-website-edit-04-1152x1536.jpg 1152w, https:\/\/www.saariselanpanimo.com\/wp-content\/uploads\/2025\/09\/panimo-website-edit-04-9x12.jpg 9w, https:\/\/www.saariselanpanimo.com\/wp-content\/uploads\/2025\/09\/panimo-website-edit-04.jpg 1536w\" sizes=\"auto, (max-width: 768px) 100vw, 768px\" \/><\/figure>\n\n\n\n<figure class=\"wp-block-image size-large\"><img loading=\"lazy\" decoding=\"async\" width=\"1024\" height=\"683\" data-id=\"1187\" src=\"https:\/\/www.saariselanpanimo.com\/wp-content\/uploads\/2025\/09\/panimo-website-edit-01-1024x683.jpg\" alt=\"panimo website edit 01\" class=\"wp-image-1187\" title=\"ETUSIVU\" srcset=\"https:\/\/www.saariselanpanimo.com\/wp-content\/uploads\/2025\/09\/panimo-website-edit-01-1024x683.jpg 1024w, https:\/\/www.saariselanpanimo.com\/wp-content\/uploads\/2025\/09\/panimo-website-edit-01-300x200.jpg 300w, https:\/\/www.saariselanpanimo.com\/wp-content\/uploads\/2025\/09\/panimo-website-edit-01-768x512.jpg 768w, https:\/\/www.saariselanpanimo.com\/wp-content\/uploads\/2025\/09\/panimo-website-edit-01-1536x1024.jpg 1536w, https:\/\/www.saariselanpanimo.com\/wp-content\/uploads\/2025\/09\/panimo-website-edit-01-18x12.jpg 18w, https:\/\/www.saariselanpanimo.com\/wp-content\/uploads\/2025\/09\/panimo-website-edit-01.jpg 2048w\" sizes=\"auto, (max-width: 1024px) 100vw, 1024px\" \/><\/figure>\n\n\n\n<figure class=\"wp-block-image size-large\"><img loading=\"lazy\" decoding=\"async\" width=\"768\" height=\"1024\" data-id=\"1198\" src=\"https:\/\/www.saariselanpanimo.com\/wp-content\/uploads\/2025\/09\/panimo-website-edit-12-768x1024.jpg\" alt=\"panimo website edit 12\" class=\"wp-image-1198\" title=\"ETUSIVU\" srcset=\"https:\/\/www.saariselanpanimo.com\/wp-content\/uploads\/2025\/09\/panimo-website-edit-12-768x1024.jpg 768w, https:\/\/www.saariselanpanimo.com\/wp-content\/uploads\/2025\/09\/panimo-website-edit-12-225x300.jpg 225w, https:\/\/www.saariselanpanimo.com\/wp-content\/uploads\/2025\/09\/panimo-website-edit-12-1152x1536.jpg 1152w, https:\/\/www.saariselanpanimo.com\/wp-content\/uploads\/2025\/09\/panimo-website-edit-12-9x12.jpg 9w, https:\/\/www.saariselanpanimo.com\/wp-content\/uploads\/2025\/09\/panimo-website-edit-12.jpg 1536w\" sizes=\"auto, (max-width: 768px) 100vw, 768px\" \/><\/figure>\n\n\n\n<figure class=\"wp-block-image size-large\"><img loading=\"lazy\" decoding=\"async\" width=\"819\" height=\"1024\" data-id=\"1271\" src=\"https:\/\/www.saariselanpanimo.com\/wp-content\/uploads\/2025\/09\/PANIMO-FEELINGS-4-819x1024.jpg\" alt=\"panimo feelings 4\" class=\"wp-image-1271\" title=\"ETUSIVU\" srcset=\"https:\/\/www.saariselanpanimo.com\/wp-content\/uploads\/2025\/09\/PANIMO-FEELINGS-4-819x1024.jpg 819w, https:\/\/www.saariselanpanimo.com\/wp-content\/uploads\/2025\/09\/PANIMO-FEELINGS-4-240x300.jpg 240w, https:\/\/www.saariselanpanimo.com\/wp-content\/uploads\/2025\/09\/PANIMO-FEELINGS-4-768x960.jpg 768w, https:\/\/www.saariselanpanimo.com\/wp-content\/uploads\/2025\/09\/PANIMO-FEELINGS-4-1229x1536.jpg 1229w, https:\/\/www.saariselanpanimo.com\/wp-content\/uploads\/2025\/09\/PANIMO-FEELINGS-4-10x12.jpg 10w, https:\/\/www.saariselanpanimo.com\/wp-content\/uploads\/2025\/09\/PANIMO-FEELINGS-4.jpg 1638w\" sizes=\"auto, (max-width: 819px) 100vw, 819px\" \/><\/figure>\n\n\n\n<figure class=\"wp-block-image size-large\"><img loading=\"lazy\" decoding=\"async\" width=\"768\" height=\"1024\" data-id=\"1196\" src=\"https:\/\/www.saariselanpanimo.com\/wp-content\/uploads\/2025\/09\/panimo-website-edit-10-768x1024.jpg\" alt=\"panimo website edit 10\" class=\"wp-image-1196\" title=\"ETUSIVU\" srcset=\"https:\/\/www.saariselanpanimo.com\/wp-content\/uploads\/2025\/09\/panimo-website-edit-10-768x1024.jpg 768w, https:\/\/www.saariselanpanimo.com\/wp-content\/uploads\/2025\/09\/panimo-website-edit-10-225x300.jpg 225w, https:\/\/www.saariselanpanimo.com\/wp-content\/uploads\/2025\/09\/panimo-website-edit-10-1152x1536.jpg 1152w, https:\/\/www.saariselanpanimo.com\/wp-content\/uploads\/2025\/09\/panimo-website-edit-10-9x12.jpg 9w, https:\/\/www.saariselanpanimo.com\/wp-content\/uploads\/2025\/09\/panimo-website-edit-10.jpg 1536w\" sizes=\"auto, (max-width: 768px) 100vw, 768px\" \/><\/figure>\n\n\n\n<figure class=\"wp-block-image size-large\"><img loading=\"lazy\" decoding=\"async\" width=\"1024\" height=\"683\" data-id=\"1188\" src=\"https:\/\/www.saariselanpanimo.com\/wp-content\/uploads\/2025\/09\/panimo-website-edit-02-1024x683.jpg\" alt=\"panimo website edit 02\" class=\"wp-image-1188\" title=\"ETUSIVU\" srcset=\"https:\/\/www.saariselanpanimo.com\/wp-content\/uploads\/2025\/09\/panimo-website-edit-02-1024x683.jpg 1024w, https:\/\/www.saariselanpanimo.com\/wp-content\/uploads\/2025\/09\/panimo-website-edit-02-300x200.jpg 300w, https:\/\/www.saariselanpanimo.com\/wp-content\/uploads\/2025\/09\/panimo-website-edit-02-768x512.jpg 768w, https:\/\/www.saariselanpanimo.com\/wp-content\/uploads\/2025\/09\/panimo-website-edit-02-1536x1024.jpg 1536w, https:\/\/www.saariselanpanimo.com\/wp-content\/uploads\/2025\/09\/panimo-website-edit-02-18x12.jpg 18w, https:\/\/www.saariselanpanimo.com\/wp-content\/uploads\/2025\/09\/panimo-website-edit-02.jpg 2048w\" sizes=\"auto, (max-width: 1024px) 100vw, 1024px\" \/><\/figure>\n<\/figure>\n\n\n\n<hr class=\"wp-block-separator has-alpha-channel-opacity\"\/>\n\n\n\n<div class=\"wp-block-uagb-info-box uagb-block-cb9a2fb0 uagb-infobox__content-wrap  uagb-infobox-icon-above-title uagb-infobox-image-valign-top\"><div class=\"uagb-ifb-content\"><div class=\"uagb-ifb-title-wrap\"><h3 class=\"uagb-ifb-title\">SAUNA<\/h3><\/div><p class=\"uagb-ifb-desc\"><strong>Panimolla saunat l\u00e4mpe\u00e4\u00e4 joka p\u00e4iv\u00e4 klo 16-19.<br><\/strong>Yleisell\u00e4 vuorolla saunamaksu on 10\u20ac ja pyyhe 5\u20ac. <br>Naisten ja miesten saunat erikseen.<br><br>Haluatko oman saunavuoron?<br>Yleisten vuorojen ulkopuolella saunoja on mahdollista varata privak\u00e4ytt\u00f6\u00f6n hintaan 50\u20ac\/tunti\/1-4 hl\u00f6,<br>Ja lis\u00e4henkil\u00f6t 10\u20ac.<br><br>Varaukset Panimon puhelinnumerosta <strong><a href=\"tel:358447290006\">+358 44 729 0006<\/a><\/strong>&nbsp;tai paikan p\u00e4\u00e4lt\u00e4.<\/p><\/div><\/div>\n\n\n\t\t\t\t\t<div\n\t\t\t\t\t\tclass=\"wp-block-uagb-image-gallery uagb-block-7aa838bd\"\n\t\t\t\t\t\tstyle=\"\"\n\t\t\t\t\t>\n\t\t\t\t\t\t\t\t\t\t\t<div class=\"spectra-image-gallery spectra-image-gallery__layout--carousel\">\n\t\t\t\t\t\t\t\t<div class=\"uagb-slick-carousel uagb-block-7aa838bd\">\n\t\t\t\t\t\t\t\t\t\t\t\t<div class='spectra-image-gallery__media-wrapper' data-spectra-gallery-image-id='1388'>\n\t\t\t\t\t\t\t<div class=\"spectra-image-gallery__media spectra-image-gallery__media--carousel\">\n\t\t\t\t<picture>\n\t\t\t\t\t<source media=\"(min-width: 1024px)\" srcset=\"https:\/\/www.saariselanpanimo.com\/wp-content\/uploads\/2025\/12\/Wilderness-Hotel-Kieppi-23-scaled.jpg\">\n\t\t\t\t\t<source media=\"(min-width: 768px)\" srcset=\"https:\/\/www.saariselanpanimo.com\/wp-content\/uploads\/2025\/12\/Wilderness-Hotel-Kieppi-23-1024x683.jpg\">\n\t\t\t\t\t<img decoding=\"async\" class=\"spectra-image-gallery__media-thumbnail spectra-image-gallery__media-thumbnail--carousel\" src=\"https:\/\/www.saariselanpanimo.com\/wp-content\/uploads\/2025\/12\/Wilderness-Hotel-Kieppi-23-300x200.jpg\" alt=\"wilderness hotel kieppi (23)\" loading=\"lazy\" title=\"ETUSIVU\">\n\t\t\t\t<\/picture>\n\t\t\t\t<div class=\"spectra-image-gallery__media-thumbnail-blurrer\"><\/div>\n\t\t\t\t\t\t\t\t\t\t\t<div class=\"spectra-image-gallery__media-thumbnail-caption-wrapper spectra-image-gallery__media-thumbnail-caption-wrapper--overlay\"><\/div>\n\t\t\t\t\t\t\t\t<\/div>\n\t\t\t\t\t\t<\/div>\n\t\t\t\t\t\t<div class='spectra-image-gallery__media-wrapper' data-spectra-gallery-image-id='1389'>\n\t\t\t\t\t\t\t<div class=\"spectra-image-gallery__media spectra-image-gallery__media--carousel\">\n\t\t\t\t<picture>\n\t\t\t\t\t<source media=\"(min-width: 1024px)\" srcset=\"https:\/\/www.saariselanpanimo.com\/wp-content\/uploads\/2025\/12\/Wilderness-Hotel-Kieppi-29-scaled.jpg\">\n\t\t\t\t\t<source media=\"(min-width: 768px)\" srcset=\"https:\/\/www.saariselanpanimo.com\/wp-content\/uploads\/2025\/12\/Wilderness-Hotel-Kieppi-29-1024x683.jpg\">\n\t\t\t\t\t<img decoding=\"async\" class=\"spectra-image-gallery__media-thumbnail spectra-image-gallery__media-thumbnail--carousel\" src=\"https:\/\/www.saariselanpanimo.com\/wp-content\/uploads\/2025\/12\/Wilderness-Hotel-Kieppi-29-300x200.jpg\" alt=\"wilderness hotel kieppi (29)\" loading=\"lazy\" title=\"ETUSIVU\">\n\t\t\t\t<\/picture>\n\t\t\t\t<div class=\"spectra-image-gallery__media-thumbnail-blurrer\"><\/div>\n\t\t\t\t\t\t\t\t\t\t\t<div class=\"spectra-image-gallery__media-thumbnail-caption-wrapper spectra-image-gallery__media-thumbnail-caption-wrapper--overlay\"><\/div>\n\t\t\t\t\t\t\t\t<\/div>\n\t\t\t\t\t\t<\/div>\n\t\t\t\t\t\t\t\t\t\t\t<\/div>\n\t\t\t\t\t\t\t<\/div>\n\t\t\t\t\t\t\t\t\t\t\t<\/div>\n\t\t\t\t\t\t\t\t\t\n\n\n<hr class=\"wp-block-separator has-alpha-channel-opacity is-style-default\" style=\"margin-top:var(--wp--preset--spacing--70);margin-bottom:var(--wp--preset--spacing--70)\"\/>\n\n\n\t\t\t<div \n\t\t\tclass=\"wp-block-uagb-google-map uagb-google-map__wrap uagb-block-9e6a41cf\"\n\t\t\tstyle=\"\" >\n\t\t\t\t<embed\n\t\t\t\t\tclass=\"uagb-google-map__iframe\"\n\t\t\t\t\ttitle=\"Google Map for \"\n\t\t\t\t\tsrc=\"https:\/\/maps.google.com\/maps?q=local%20pub%20panimo%20saariselk%C3%A4&#038;z=16&#038;hl=en&#038;t=m&#038;output=embed&#038;iwloc=near\"\n\t\t\t\t\twidth=\"640\"\n\t\t\t\t\theight=\"300\"\n\t\t\t\t\tloading=\"lazy\"\n\t\t\t\t><\/embed>\n\t\t\t<\/div>\n\t\t\t<\/div><\/div>","protected":false},"excerpt":{"rendered":"<p>WELCOME TO PANIMO Your living room in Saariselk\u00e4 Sunday to Thursday 12:00 &#8211; 02:00Friday &amp; Saturday 12:00 &#8211; 03:00Kitchen 14:00 &#8211; 20:30 Closed between 1st May &#8211; 16th June 2026. EVENTS<\/p>","protected":false},"author":2,"featured_media":0,"parent":0,"menu_order":0,"comment_status":"closed","ping_status":"closed","template":"","meta":{"_uag_custom_page_level_css":"","site-sidebar-layout":"no-sidebar","site-content-layout":"plain-container","ast-site-content-layout":"normal-width-container","site-content-style":"unboxed","site-sidebar-style":"unboxed","ast-global-header-display":"","ast-banner-title-visibility":"","ast-main-header-display":"","ast-hfb-above-header-display":"","ast-hfb-below-header-display":"","ast-hfb-mobile-header-display":"","site-post-title":"disabled","ast-breadcrumbs-content":"","ast-featured-img":"","footer-sml-layout":"","ast-disable-related-posts":"","theme-transparent-header-meta":"enabled","adv-header-id-meta":"","stick-header-meta":"","header-above-stick-meta":"","header-main-stick-meta":"","header-below-stick-meta":"","astra-migrate-meta-layouts":"set","ast-page-background-enabled":"default","ast-page-background-meta":{"desktop":{"background-color":"var(--ast-global-color-4)","background-image":"","background-repeat":"repeat","background-position":"center center","background-size":"auto","background-attachment":"scroll","background-type":"","background-media":"","overlay-type":"","overlay-color":"","overlay-opacity":"","overlay-gradient":""},"tablet":{"background-color":"","background-image":"","background-repeat":"repeat","background-position":"center center","background-size":"auto","background-attachment":"scroll","background-type":"","background-media":"","overlay-type":"","overlay-color":"","overlay-opacity":"","overlay-gradient":""},"mobile":{"background-color":"","background-image":"","background-repeat":"repeat","background-position":"center center","background-size":"auto","background-attachment":"scroll","background-type":"","background-media":"","overlay-type":"","overlay-color":"","overlay-opacity":"","overlay-gradient":""}},"ast-content-background-meta":{"desktop":{"background-color":"var(--ast-global-color-5)","background-image":"","background-repeat":"repeat","background-position":"center center","background-size":"auto","background-attachment":"scroll","background-type":"","background-media":"","overlay-type":"","overlay-color":"","overlay-opacity":"","overlay-gradient":""},"tablet":{"background-color":"var(--ast-global-color-5)","background-image":"","background-repeat":"repeat","background-position":"center center","background-size":"auto","background-attachment":"scroll","background-type":"","background-media":"","overlay-type":"","overlay-color":"","overlay-opacity":"","overlay-gradient":""},"mobile":{"background-color":"var(--ast-global-color-5)","background-image":"","background-repeat":"repeat","background-position":"center center","background-size":"auto","background-attachment":"scroll","background-type":"","background-media":"","overlay-type":"","overlay-color":"","overlay-opacity":"","overlay-gradient":""}},"footnotes":""},"class_list":["post-10","page","type-page","status-publish","hentry"],"uagb_featured_image_src":{"full":false,"thumbnail":false,"medium":false,"medium_large":false,"large":false,"1536x1536":false,"2048x2048":false,"trp-custom-language-flag":false},"uagb_author_info":{"display_name":"Sacha","author_link":"https:\/\/www.saariselanpanimo.com\/fi\/author\/sacha\/"},"uagb_comment_info":0,"uagb_excerpt":"WELCOME TO PANIMO Your living room in Saariselk\u00e4 Sunday to Thursday 12:00 &#8211; 02:00Friday &amp; Saturday 12:00 &#8211; 03:00Kitchen 14:00 &#8211; 20:30 Closed between 1st May &#8211; 16th June 2026. EVENTS","_links":{"self":[{"href":"https:\/\/www.saariselanpanimo.com\/fi\/wp-json\/wp\/v2\/pages\/10","targetHints":{"allow":["GET"]}}],"collection":[{"href":"https:\/\/www.saariselanpanimo.com\/fi\/wp-json\/wp\/v2\/pages"}],"about":[{"href":"https:\/\/www.saariselanpanimo.com\/fi\/wp-json\/wp\/v2\/types\/page"}],"author":[{"embeddable":true,"href":"https:\/\/www.saariselanpanimo.com\/fi\/wp-json\/wp\/v2\/users\/2"}],"replies":[{"embeddable":true,"href":"https:\/\/www.saariselanpanimo.com\/fi\/wp-json\/wp\/v2\/comments?post=10"}],"version-history":[{"count":132,"href":"https:\/\/www.saariselanpanimo.com\/fi\/wp-json\/wp\/v2\/pages\/10\/revisions"}],"predecessor-version":[{"id":1406,"href":"https:\/\/www.saariselanpanimo.com\/fi\/wp-json\/wp\/v2\/pages\/10\/revisions\/1406"}],"wp:attachment":[{"href":"https:\/\/www.saariselanpanimo.com\/fi\/wp-json\/wp\/v2\/media?parent=10"}],"curies":[{"name":"wp","href":"https:\/\/api.w.org\/{rel}","templated":true}]}}