{"id":13,"date":"2025-08-26T12:02:29","date_gmt":"2025-08-26T12:02:29","guid":{"rendered":"https:\/\/kehitys.saariselanpanimo.com\/index.php\/menu\/"},"modified":"2026-02-25T08:14:30","modified_gmt":"2026-02-25T08:14:30","slug":"menu","status":"publish","type":"page","link":"https:\/\/www.saariselanpanimo.com\/fi\/menu\/","title":{"rendered":"PUBIMENU"},"content":{"rendered":"<div class=\"wp-block-uagb-container uagb-layout-grid uagb-block-ab98adbf alignfull uagb-is-root-container\"><div class=\"uagb-container-inner-blocks-wrap\">\n<div class=\"wp-block-uagb-advanced-heading uagb-block-e78947aa\"><h1 class=\"uagb-heading-text\">PUBIMENU<\/h1><\/div>\n\n\n\n<div class=\"wp-block-uagb-advanced-heading uagb-block-b2ade086\"><h2 class=\"uagb-heading-text\">BURGERIT<\/h2><\/div>\n\n\n\n<div class=\"wp-block-uagb-restaurant-menu uagb-block-59f0d88a uagb-rm__desk-column-1 uagb-rm__tablet-column-1 uagb-rm__mobile-column-1\">\n<div class=\"wp-block-uagb-restaurant-menu-child uagb-rest_menu__wrap uagb-rm__align-left uagb-rm__desk-column-1 uagb-rm__tablet-column-1 uagb-rm__mobile-column-1\"><div class=\"uagb-rm__content\"><div class=\"uagb-rm-details\"><h4 class=\"uagb-rm__title\">Panimon burgeri<\/h4><div class=\"uagb-rm__desc\">Hampurilaiss\u00e4mpyl\u00e4, 160g naudan t\u00e4ysjauhelihapihvi, ryytisinappisavumajoneesia, pekonia, cheddaria, salaattia, tomaattia.<br>(L, saatavana gluteenittomana)<\/div><\/div><span class=\"uagb-rm__price\">15\u20ac<\/span><\/div><div class=\"uagb-rm__separator\"><\/div><\/div>\n\n\n\n<div class=\"wp-block-uagb-restaurant-menu-child uagb-rest_menu__wrap uagb-rm__align-left uagb-rm__desk-column-1 uagb-rm__tablet-column-1 uagb-rm__mobile-column-1\"><div class=\"uagb-rm__content\"><div class=\"uagb-rm-details\"><h4 class=\"uagb-rm__title\">Beef smash<\/h4><div class=\"uagb-rm__desc\">Hampurilaiss\u00e4mpyl\u00e4, 2x80g smash burgerpihvi, cheddaria, smash burger -kastiketta, paistettua sipulia, suolakurkkua, salaattia, tomaattia.<br>(L, saatavana gluteenittomana)<\/div><\/div><span class=\"uagb-rm__price\">15 \u20ac<\/span><\/div><div class=\"uagb-rm__separator\"><\/div><\/div>\n\n\n\n<div class=\"wp-block-uagb-restaurant-menu-child uagb-rest_menu__wrap uagb-rm__align-left uagb-rm__desk-column-1 uagb-rm__tablet-column-1 uagb-rm__mobile-column-1\"><div class=\"uagb-rm__content\"><div class=\"uagb-rm-details\"><h4 class=\"uagb-rm__title\">Kasvisburgeri<\/h4><div class=\"uagb-rm__desc\">Hampurilaiss\u00e4mpyl\u00e4, beyond -kasvispihvi, kylm\u00e4savutofua, vegaanista juustoa, salaattia, tomaattia, vegaanista majoneesia, paahdettu sipulirouhetta.<br>(L, saatavana gluteenittomana ja vegaanisena)<\/div><\/div><span class=\"uagb-rm__price\">15,5 \u20ac<\/span><\/div><div class=\"uagb-rm__separator\"><\/div><\/div>\n\n\n\n<div class=\"wp-block-uagb-restaurant-menu-child uagb-rest_menu__wrap uagb-rm__align-left uagb-rm__desk-column-1 uagb-rm__tablet-column-1 uagb-rm__mobile-column-1\"><div class=\"uagb-rm__content\"><div class=\"uagb-rm-details\"><h4 class=\"uagb-rm__title\">Kanaburgeri<\/h4><div class=\"uagb-rm__desc\">Hampurilaiss\u00e4mpyl\u00e4, paneroitu kananfileepihvi, majoneesia, mango-habanero chutneyta, marinoitua paprikaa, rucolaa, salaattia, tomaattia.<br>(L, saatavana gluteenittomana)<\/div><\/div><span class=\"uagb-rm__price\">16 \u20ac<\/span><\/div><div class=\"uagb-rm__separator\"><\/div><\/div>\n\n\n\n<div class=\"wp-block-uagb-restaurant-menu-child uagb-rest_menu__wrap uagb-rm__align-left uagb-rm__desk-column-1 uagb-rm__tablet-column-1 uagb-rm__mobile-column-1\"><div class=\"uagb-rm__content\"><div class=\"uagb-rm-details\"><h4 class=\"uagb-rm__title\">Poroburgeri<\/h4><div class=\"uagb-rm__desc\">Hampurilaiss\u00e4mpyl\u00e4, 150g poropihvi, kylm\u00e4savuporoa, herkkutattimajoneesia, puolukkahilloa, maalaisbrie valkohomejuustoa,<br>tuoretta kev\u00e4tsipulia, salaattia, tomaattia.<br>(L, saatavana gluteenittomana)<\/div><\/div><span class=\"uagb-rm__price\">17 \u20ac<\/span><\/div><div class=\"uagb-rm__separator\"><\/div><\/div>\n<\/div>\n\n\n\n<hr class=\"wp-block-separator has-alpha-channel-opacity\"\/>\n\n\n\n<div class=\"wp-block-uagb-advanced-heading uagb-block-451aac05\"><h2 class=\"uagb-heading-text\">SIDES<\/h2><\/div>\n\n\n\n<div class=\"wp-block-uagb-restaurant-menu uagb-block-d12f9c35 uagb-rm__desk-column-1 uagb-rm__tablet-column-1 uagb-rm__mobile-column-1\">\n<div class=\"wp-block-uagb-restaurant-menu-child uagb-rest_menu__wrap uagb-rm__align-left uagb-rm__desk-column-1 uagb-rm__tablet-column-1 uagb-rm__mobile-column-1\"><div class=\"uagb-rm__content\"><div class=\"uagb-rm-details\"><h4 class=\"uagb-rm__title\">Ranskalaiset<\/h4><div class=\"uagb-rm__desc\">Rapeat ranskalaiset maustettuna hyppysellisell\u00e4 suolaa. Tarjoillaan ketsupin kera. (M, G)<\/div><\/div><span class=\"uagb-rm__price\">5 \u20ac<\/span><\/div><div class=\"uagb-rm__separator\"><\/div><\/div>\n\n\n\n<div class=\"wp-block-uagb-restaurant-menu-child uagb-rest_menu__wrap uagb-rm__align-left uagb-rm__desk-column-1 uagb-rm__tablet-column-1 uagb-rm__mobile-column-1\"><div class=\"uagb-rm__content\"><div class=\"uagb-rm-details\"><h4 class=\"uagb-rm__title\">Jalapeno-cheddar loaded fries<\/h4><div class=\"uagb-rm__desc\">Ranskalaisia, pikkel\u00f6ity\u00e4 jalapenoa, cheddarjuustokastiketta. (L, G)<\/div><\/div><span class=\"uagb-rm__price\">6,5 \u20ac<\/span><\/div><div class=\"uagb-rm__separator\"><\/div><\/div>\n\n\n\n<div class=\"wp-block-uagb-restaurant-menu-child uagb-rest_menu__wrap uagb-rm__align-left uagb-rm__desk-column-1 uagb-rm__tablet-column-1 uagb-rm__mobile-column-1\"><div class=\"uagb-rm__content\"><div class=\"uagb-rm-details\"><h4 class=\"uagb-rm__title\">Smoked reindeer loaded fries<\/h4><div class=\"uagb-rm__desc\">Ranskalaisia, savuporokastiketta. \n(L, G)<\/div><\/div><span class=\"uagb-rm__price\">7,5 \u20ac<\/span><\/div><div class=\"uagb-rm__separator\"><\/div><\/div>\n\n\n\n<div class=\"wp-block-uagb-restaurant-menu-child uagb-rest_menu__wrap uagb-rm__align-left uagb-rm__desk-column-1 uagb-rm__tablet-column-1 uagb-rm__mobile-column-1\"><div class=\"uagb-rm__content\"><div class=\"uagb-rm-details\"><h4 class=\"uagb-rm__title\">Air-dried ham loaded fries<\/h4><div class=\"uagb-rm__desc\">Ranskalaisia, ilmakuivattua kinkkua, parmesania, aiolia. (G)<\/div><\/div><span class=\"uagb-rm__price\">7,5 \u20ac<\/span><\/div><div class=\"uagb-rm__separator\"><\/div><\/div>\n<\/div>\n\n\n\n<hr class=\"wp-block-separator has-alpha-channel-opacity\"\/>\n\n\n\n<div class=\"wp-block-uagb-advanced-heading uagb-block-7a9b9405\"><h2 class=\"uagb-heading-text\">Muut<\/h2><\/div>\n\n\n\n<div class=\"wp-block-uagb-restaurant-menu uagb-block-c3ddb2bf uagb-rm__desk-column-1 uagb-rm__tablet-column-1 uagb-rm__mobile-column-1\">\n<div class=\"wp-block-uagb-restaurant-menu-child uagb-rest_menu__wrap uagb-rm__align-left uagb-rm__desk-column-1 uagb-rm__tablet-column-1 uagb-rm__mobile-column-1\"><div class=\"uagb-rm__content\"><div class=\"uagb-rm-details\"><h4 class=\"uagb-rm__title\">Buffalo Wings<\/h4><div class=\"uagb-rm__desc\">Mieto, medium, tulinen.<br>Rapeaksi friteerattuja kanansiipi\u00e4 buffalokastikkeessa. Tarjoillaan porkkana- ja kurkkutikkujen sek\u00e4 valitseman dipin kera. (L, G)<\/div><\/div><span class=\"uagb-rm__price\">8\u20ac\/6kpl<br>13\u20ac\/12kpl<br>18\u20ac\/18kpl<\/span><\/div><div class=\"uagb-rm__separator\"><\/div><\/div>\n<\/div>\n\n\n\n<hr class=\"wp-block-separator has-alpha-channel-opacity\"\/>\n\n\n\n<div class=\"wp-block-uagb-advanced-heading uagb-block-0831bd16\"><h2 class=\"uagb-heading-text\">DIPIT<\/h2><\/div>\n\n\n\n<div class=\"wp-block-uagb-restaurant-menu uagb-block-525b1a1f uagb-rm__desk-column-1 uagb-rm__tablet-column-1 uagb-rm__mobile-column-1\">\n<div class=\"wp-block-uagb-restaurant-menu-child uagb-rest_menu__wrap uagb-rm__align-left uagb-rm__desk-column-1 uagb-rm__tablet-column-1 uagb-rm__mobile-column-1\"><div class=\"uagb-rm__content\"><div class=\"uagb-rm-details\"><h4 class=\"uagb-rm__title\">Majoneesi <\/h4><div class=\"uagb-rm__desc\">(M, G)<\/div><\/div><span class=\"uagb-rm__price\">2 \u20ac<\/span><\/div><div class=\"uagb-rm__separator\"><\/div><\/div>\n\n\n\n<div class=\"wp-block-uagb-restaurant-menu-child uagb-rest_menu__wrap uagb-rm__align-left uagb-rm__desk-column-1 uagb-rm__tablet-column-1 uagb-rm__mobile-column-1\"><div class=\"uagb-rm__content\"><div class=\"uagb-rm-details\"><h4 class=\"uagb-rm__title\">Vegaaninen majoneesi <\/h4><div class=\"uagb-rm__desc\">(L)<\/div><\/div><span class=\"uagb-rm__price\">2 \u20ac<\/span><\/div><div class=\"uagb-rm__separator\"><\/div><\/div>\n\n\n\n<div class=\"wp-block-uagb-restaurant-menu-child uagb-rest_menu__wrap uagb-rm__align-left uagb-rm__desk-column-1 uagb-rm__tablet-column-1 uagb-rm__mobile-column-1\"><div class=\"uagb-rm__content\"><div class=\"uagb-rm-details\"><h4 class=\"uagb-rm__title\">Aurajuusto <\/h4><div class=\"uagb-rm__desc\">(L, G)<\/div><\/div><span class=\"uagb-rm__price\">2 \u20ac<\/span><\/div><div class=\"uagb-rm__separator\"><\/div><\/div>\n\n\n\n<div class=\"wp-block-uagb-restaurant-menu-child uagb-rest_menu__wrap uagb-rm__align-left uagb-rm__desk-column-1 uagb-rm__tablet-column-1 uagb-rm__mobile-column-1\"><div class=\"uagb-rm__content\"><div class=\"uagb-rm-details\"><h4 class=\"uagb-rm__title\">Aioli<\/h4><div class=\"uagb-rm__desc\">(V, G)<\/div><\/div><span class=\"uagb-rm__price\">2 \u20ac<\/span><\/div><div class=\"uagb-rm__separator\"><\/div><\/div>\n\n\n\n<div class=\"wp-block-uagb-restaurant-menu-child uagb-rest_menu__wrap uagb-rm__align-left uagb-rm__desk-column-1 uagb-rm__tablet-column-1 uagb-rm__mobile-column-1\"><div class=\"uagb-rm__content\"><div class=\"uagb-rm-details\"><h4 class=\"uagb-rm__title\">Ranch<\/h4><div class=\"uagb-rm__desc\">(L, G, V)<\/div><\/div><span class=\"uagb-rm__price\">2 \u20ac<\/span><\/div><div class=\"uagb-rm__separator\"><\/div><\/div>\n\n\n\n<div class=\"wp-block-uagb-restaurant-menu-child uagb-rest_menu__wrap uagb-rm__align-left uagb-rm__desk-column-1 uagb-rm__tablet-column-1 uagb-rm__mobile-column-1\"><div class=\"uagb-rm__content\"><div class=\"uagb-rm-details\"><h4 class=\"uagb-rm__title\">Paprikamajoneesi <\/h4><div class=\"uagb-rm__desc\">(M, G)<\/div><\/div><span class=\"uagb-rm__price\">2 \u20ac<\/span><\/div><div class=\"uagb-rm__separator\"><\/div><\/div>\n<\/div>\n\n\n\n<hr class=\"wp-block-separator has-alpha-channel-opacity\"\/>\n\n\n\n<div class=\"wp-block-uagb-advanced-heading uagb-block-114c4534\"><h2 class=\"uagb-heading-text\">LASTEN MENU<\/h2><\/div>\n\n\n\n<div class=\"wp-block-uagb-restaurant-menu uagb-block-539e8659 uagb-rm__desk-column-1 uagb-rm__tablet-column-1 uagb-rm__mobile-column-1\">\n<div class=\"wp-block-uagb-restaurant-menu-child uagb-rest_menu__wrap uagb-rm__align-left uagb-rm__desk-column-1 uagb-rm__tablet-column-1 uagb-rm__mobile-column-1\"><div class=\"uagb-rm__content\"><div class=\"uagb-rm-details\"><h4 class=\"uagb-rm__title\">Burgeri<\/h4><div class=\"uagb-rm__desc\">Hampurilaiss\u00e4mpyl\u00e4, 80g naudan t\u00e4ysjauhelihapihvi, salaattia, tomaattia, ketsuppia, cheddaria.<br>(L, saatavana gluteenittomana)<\/div><\/div><span class=\"uagb-rm__price\">8,5 \u20ac<\/span><\/div><div class=\"uagb-rm__separator\"><\/div><\/div>\n\n\n\n<div class=\"wp-block-uagb-restaurant-menu-child uagb-rest_menu__wrap uagb-rm__align-left uagb-rm__desk-column-1 uagb-rm__tablet-column-1 uagb-rm__mobile-column-1\"><div class=\"uagb-rm__content\"><div class=\"uagb-rm-details\"><h4 class=\"uagb-rm__title\">Wings<\/h4><div class=\"uagb-rm__desc\">6kpl Kanansiipi\u00e4 ja ranskalaisia. Tarjoillaan porkkana- ja kurkkutikkujen sek\u00e4 valitseman dipin kera. (L)<\/div><\/div><span class=\"uagb-rm__price\">8,5 \u20ac<\/span><\/div><div class=\"uagb-rm__separator\"><\/div><\/div>\n<\/div>\n\n\n\n<hr class=\"wp-block-separator has-alpha-channel-opacity\"\/>\n\n\n\n<div class=\"wp-block-uagb-advanced-heading uagb-block-a6ae1b3b\"><h2 class=\"uagb-heading-text\">JUOMAT<\/h2><\/div>\n\n\n\n<div class=\"wp-block-uagb-restaurant-menu uagb-block-25bba7de uagb-rm__desk-column-1 uagb-rm__tablet-column-1 uagb-rm__mobile-column-1\">\n<div class=\"wp-block-uagb-restaurant-menu-child uagb-rest_menu__wrap uagb-rm__align-left uagb-rm__desk-column-1 uagb-rm__tablet-column-1 uagb-rm__mobile-column-1\"><div class=\"uagb-rm__content\"><div class=\"uagb-rm-details\"><h4 class=\"uagb-rm__title\">Limu<\/h4><div class=\"uagb-rm__desc\">Pepsi, Pepsi Max, Jaffa, 7up<\/div><\/div><span class=\"uagb-rm__price\">3,5\u20ac\/0,33l,<br>5,5\u20ac\/0,5l<\/span><\/div><div class=\"uagb-rm__separator\"><\/div><\/div>\n\n\n\n<div class=\"wp-block-uagb-restaurant-menu-child uagb-rest_menu__wrap uagb-rm__align-left uagb-rm__desk-column-1 uagb-rm__tablet-column-1 uagb-rm__mobile-column-1\"><div class=\"uagb-rm__content\"><div class=\"uagb-rm-details\"><h4 class=\"uagb-rm__title\">Aura 4,5%<\/h4><div class=\"uagb-rm__desc\">Lager<\/div><\/div><span class=\"uagb-rm__price\">8,5\u20ac\/0,5l<\/span><\/div><div class=\"uagb-rm__separator\"><\/div><\/div>\n\n\n\n<div class=\"wp-block-uagb-restaurant-menu-child uagb-rest_menu__wrap uagb-rm__align-left uagb-rm__desk-column-1 uagb-rm__tablet-column-1 uagb-rm__mobile-column-1\"><div class=\"uagb-rm__content\"><div class=\"uagb-rm-details\"><h4 class=\"uagb-rm__title\">Hanalonkero 5,5%<\/h4><div class=\"uagb-rm__desc\">Greippi, Ananas<\/div><\/div><span class=\"uagb-rm__price\">8,5\u20ac\/0,33l<\/span><\/div><div class=\"uagb-rm__separator\"><\/div><\/div>\n\n\n\n<div class=\"wp-block-uagb-restaurant-menu-child uagb-rest_menu__wrap uagb-rm__align-left uagb-rm__desk-column-1 uagb-rm__tablet-column-1 uagb-rm__mobile-column-1\"><div class=\"uagb-rm__content\"><div class=\"uagb-rm-details\"><h4 class=\"uagb-rm__title\">Lonkeropullo 5,5%<\/h4><div class=\"uagb-rm__desc\">Vadelma, Karpalo, P\u00e4\u00e4ryn\u00e4<\/div><\/div><span class=\"uagb-rm__price\">9\u20ac\/0,33l<\/span><\/div><div class=\"uagb-rm__separator\"><\/div><\/div>\n\n\n\n<div class=\"wp-block-uagb-restaurant-menu-child uagb-rest_menu__wrap uagb-rm__align-left uagb-rm__desk-column-1 uagb-rm__tablet-column-1 uagb-rm__mobile-column-1\"><div class=\"uagb-rm__content\"><div class=\"uagb-rm-details\"><h4 class=\"uagb-rm__title\">Happy Joe 4,7%<\/h4><div class=\"uagb-rm__desc\">Puolikuiva omena, kuiva omena<\/div><\/div><span class=\"uagb-rm__price\">9,5\u20ac\/0,275l<\/span><\/div><div class=\"uagb-rm__separator\"><\/div><\/div>\n<\/div>\n\n\n\n<p class=\"has-text-align-center\">Ja paljon muuta! Koko juomalistan n\u00e4et tiskilt\u00e4.<\/p>\n\n\n\n<p class=\"has-text-align-center\">Ruokavirasto suosittelee, ett\u00e4 jauhelihapihvit sy\u00f6d\u00e4\u00e4n aina t\u00e4ysin kypsennettyin\u00e4.\nLaadukkaassakin medium-kypsennetyss\u00e4 jauhelihassa voi olla EHEC-bakteereita, \njotka voivat aiheuttaa vakavan ruokamyrkytyksen etenkin lapsille ja i\u00e4kk\u00e4ille henkil\u00f6ille. <\/p>\n\n\n\n<p class=\"has-text-align-center\"><a href=\"https:\/\/www.oivahymy.fi\/yrityshaku?hakusana=panimo%20satupa\">Ravintolan Oiva-raportti<\/a><\/p>\n<\/div><\/div>\n\n\n\n<p><\/p>","protected":false},"excerpt":{"rendered":"<p>PUB MENU BURGERS SIDES OTHERS DIPS KIDS\u00b4 MENU BEVERAGES And much more! You can find the full drink menu at the counter. According to the Finnish Food Authority\u2019s recommendation, minced meat patties should always be eaten fully cooked. Even high-quality medium-cooked minced meat may contain EHEC bacteria, which may cause a severe food poisoning, especially [&hellip;]<\/p>\n","protected":false},"author":2,"featured_media":0,"parent":0,"menu_order":0,"comment_status":"closed","ping_status":"closed","template":"","meta":{"_uag_custom_page_level_css":"","site-sidebar-layout":"no-sidebar","site-content-layout":"plain-container","ast-site-content-layout":"normal-width-container","site-content-style":"unboxed","site-sidebar-style":"unboxed","ast-global-header-display":"","ast-banner-title-visibility":"","ast-main-header-display":"","ast-hfb-above-header-display":"","ast-hfb-below-header-display":"","ast-hfb-mobile-header-display":"","site-post-title":"disabled","ast-breadcrumbs-content":"","ast-featured-img":"","footer-sml-layout":"","ast-disable-related-posts":"","theme-transparent-header-meta":"enabled","adv-header-id-meta":"","stick-header-meta":"","header-above-stick-meta":"","header-main-stick-meta":"","header-below-stick-meta":"","astra-migrate-meta-layouts":"set","ast-page-background-enabled":"default","ast-page-background-meta":{"desktop":{"background-color":"var(--ast-global-color-4)","background-image":"","background-repeat":"repeat","background-position":"center center","background-size":"auto","background-attachment":"scroll","background-type":"","background-media":"","overlay-type":"","overlay-color":"","overlay-opacity":"","overlay-gradient":""},"tablet":{"background-color":"","background-image":"","background-repeat":"repeat","background-position":"center center","background-size":"auto","background-attachment":"scroll","background-type":"","background-media":"","overlay-type":"","overlay-color":"","overlay-opacity":"","overlay-gradient":""},"mobile":{"background-color":"","background-image":"","background-repeat":"repeat","background-position":"center center","background-size":"auto","background-attachment":"scroll","background-type":"","background-media":"","overlay-type":"","overlay-color":"","overlay-opacity":"","overlay-gradient":""}},"ast-content-background-meta":{"desktop":{"background-color":"var(--ast-global-color-5)","background-image":"","background-repeat":"repeat","background-position":"center center","background-size":"auto","background-attachment":"scroll","background-type":"","background-media":"","overlay-type":"","overlay-color":"","overlay-opacity":"","overlay-gradient":""},"tablet":{"background-color":"var(--ast-global-color-5)","background-image":"","background-repeat":"repeat","background-position":"center center","background-size":"auto","background-attachment":"scroll","background-type":"","background-media":"","overlay-type":"","overlay-color":"","overlay-opacity":"","overlay-gradient":""},"mobile":{"background-color":"var(--ast-global-color-5)","background-image":"","background-repeat":"repeat","background-position":"center center","background-size":"auto","background-attachment":"scroll","background-type":"","background-media":"","overlay-type":"","overlay-color":"","overlay-opacity":"","overlay-gradient":""}},"footnotes":""},"class_list":["post-13","page","type-page","status-publish","hentry"],"uagb_featured_image_src":{"full":false,"thumbnail":false,"medium":false,"medium_large":false,"large":false,"1536x1536":false,"2048x2048":false,"trp-custom-language-flag":false},"uagb_author_info":{"display_name":"Sacha","author_link":"https:\/\/www.saariselanpanimo.com\/fi\/author\/sacha\/"},"uagb_comment_info":0,"uagb_excerpt":"PUB MENU BURGERS SIDES OTHERS DIPS KIDS\u00b4 MENU BEVERAGES And much more! You can find the full drink menu at the counter. According to the Finnish Food Authority\u2019s recommendation, minced meat patties should always be eaten fully cooked. Even high-quality medium-cooked minced meat may contain EHEC bacteria, which may cause a severe food poisoning, especially&hellip;","_links":{"self":[{"href":"https:\/\/www.saariselanpanimo.com\/fi\/wp-json\/wp\/v2\/pages\/13","targetHints":{"allow":["GET"]}}],"collection":[{"href":"https:\/\/www.saariselanpanimo.com\/fi\/wp-json\/wp\/v2\/pages"}],"about":[{"href":"https:\/\/www.saariselanpanimo.com\/fi\/wp-json\/wp\/v2\/types\/page"}],"author":[{"embeddable":true,"href":"https:\/\/www.saariselanpanimo.com\/fi\/wp-json\/wp\/v2\/users\/2"}],"replies":[{"embeddable":true,"href":"https:\/\/www.saariselanpanimo.com\/fi\/wp-json\/wp\/v2\/comments?post=13"}],"version-history":[{"count":17,"href":"https:\/\/www.saariselanpanimo.com\/fi\/wp-json\/wp\/v2\/pages\/13\/revisions"}],"predecessor-version":[{"id":1403,"href":"https:\/\/www.saariselanpanimo.com\/fi\/wp-json\/wp\/v2\/pages\/13\/revisions\/1403"}],"wp:attachment":[{"href":"https:\/\/www.saariselanpanimo.com\/fi\/wp-json\/wp\/v2\/media?parent=13"}],"curies":[{"name":"wp","href":"https:\/\/api.w.org\/{rel}","templated":true}]}}